{"id":212,"date":"2020-07-30T16:29:17","date_gmt":"2020-07-30T15:29:17","guid":{"rendered":"http:\/\/172.20.5.99:9084\/?page_id=212"},"modified":"2020-10-29T12:40:13","modified_gmt":"2020-10-29T11:40:13","slug":"pagina-inicial","status":"publish","type":"page","link":"https:\/\/incubadora.estg.ipp.pt\/","title":{"rendered":"P\u00e1gina inicial"},"content":{"rendered":"\t\t<div data-elementor-type=\"wp-post\" data-elementor-id=\"212\" class=\"elementor elementor-212\">\n\t\t\t\t\t\t<section class=\"elementor-section elementor-top-section elementor-element elementor-element-65b7183 elementor-section-full_width elementor-section-height-default elementor-section-height-default\" data-id=\"65b7183\" data-element_type=\"section\" data-settings=\"{&quot;background_background&quot;:&quot;classic&quot;}\">\n\t\t\t\t\t\t<div class=\"elementor-container elementor-column-gap-default\">\n\t\t\t\t\t<div class=\"elementor-column elementor-col-100 elementor-top-column elementor-element elementor-element-684ff6c\" data-id=\"684ff6c\" data-element_type=\"column\">\n\t\t\t<div class=\"elementor-widget-wrap elementor-element-populated\">\n\t\t\t\t\t\t<div class=\"elementor-element elementor-element-99c965d elementor-widget-divider--view-line elementor-widget-divider--separator-type-pattern elementor-invisible elementor-widget elementor-widget-divider\" data-id=\"99c965d\" data-element_type=\"widget\" data-settings=\"{&quot;_animation&quot;:&quot;zoomInUp&quot;}\" data-widget_type=\"divider.default\">\n\t\t\t\t<div class=\"elementor-widget-container\">\n\t\t\t\t\t\t\t<div class=\"elementor-divider\" style=\"--divider-pattern-url: url(&quot;data:image\/svg+xml,%3Csvg xmlns=&#039;http:\/\/www.w3.org\/2000\/svg&#039; preserveAspectRatio=&#039;none&#039; overflow=&#039;visible&#039; height=&#039;100%&#039; viewBox=&#039;0 0 20 16&#039; fill=&#039;none&#039; stroke=&#039;black&#039; stroke-width=&#039;5&#039; stroke-linecap=&#039;square&#039; stroke-miterlimit=&#039;10&#039;%3E%3Cg transform=&#039;translate(-12.000000, 0)&#039;%3E%3Cpath d=&#039;M28,0L10,18&#039;\/%3E%3Cpath d=&#039;M18,0L0,18&#039;\/%3E%3Cpath d=&#039;M48,0L30,18&#039;\/%3E%3Cpath d=&#039;M38,0L20,18&#039;\/%3E%3C\/g%3E%3C\/svg%3E&quot;);\">\n\t\t\t<span class=\"elementor-divider-separator\">\n\t\t\t\t\t\t<\/span>\n\t\t<\/div>\n\t\t\t\t\t\t<\/div>\n\t\t\t\t<\/div>\n\t\t\t\t<div class=\"elementor-element elementor-element-53903c3 elementor-widget elementor-widget-video\" data-id=\"53903c3\" data-element_type=\"widget\" data-settings=\"{&quot;video_type&quot;:&quot;hosted&quot;,&quot;start&quot;:8,&quot;autoplay&quot;:&quot;yes&quot;,&quot;play_on_mobile&quot;:&quot;yes&quot;,&quot;mute&quot;:&quot;yes&quot;}\" data-widget_type=\"video.default\">\n\t\t\t\t<div class=\"elementor-widget-container\">\n\t\t\t\t\t\t\t<div class=\"e-hosted-video elementor-wrapper elementor-open-inline\">\n\t\t\t\t\t<video class=\"elementor-video\" src=\"https:\/\/incubadora.estg.ipp.pt\/wp-content\/uploads\/2020\/07\/Marketing-22130.mp4#t=8\" autoplay=\"\" muted=\"muted\" playsinline=\"\" controlsList=\"nodownload\"><\/video>\n\t\t\t\t<\/div>\n\t\t\t\t\t\t<\/div>\n\t\t\t\t<\/div>\n\t\t\t\t<div class=\"elementor-element elementor-element-9aeeaef elementor-widget elementor-widget-spacer\" data-id=\"9aeeaef\" data-element_type=\"widget\" data-widget_type=\"spacer.default\">\n\t\t\t\t<div class=\"elementor-widget-container\">\n\t\t\t\t\t\t\t<div class=\"elementor-spacer\">\n\t\t\t<div class=\"elementor-spacer-inner\"><\/div>\n\t\t<\/div>\n\t\t\t\t\t\t<\/div>\n\t\t\t\t<\/div>\n\t\t\t\t\t<\/div>\n\t\t<\/div>\n\t\t\t\t\t<\/div>\n\t\t<\/section>\n\t\t\t\t<section class=\"elementor-section elementor-top-section elementor-element elementor-element-ca9fd87 elementor-section-boxed elementor-section-height-default elementor-section-height-default\" data-id=\"ca9fd87\" data-element_type=\"section\" data-settings=\"{&quot;background_background&quot;:&quot;classic&quot;}\">\n\t\t\t\t\t\t<div class=\"elementor-container elementor-column-gap-default\">\n\t\t\t\t\t<div class=\"elementor-column elementor-col-33 elementor-top-column elementor-element elementor-element-292b666\" data-id=\"292b666\" data-element_type=\"column\" data-settings=\"{&quot;background_background&quot;:&quot;classic&quot;}\">\n\t\t\t<div class=\"elementor-widget-wrap elementor-element-populated\">\n\t\t\t\t\t<div class=\"elementor-background-overlay\"><\/div>\n\t\t\t\t\t\t<div class=\"elementor-element elementor-element-dbadedf elementor-widget elementor-widget-spacer\" data-id=\"dbadedf\" data-element_type=\"widget\" data-widget_type=\"spacer.default\">\n\t\t\t\t<div class=\"elementor-widget-container\">\n\t\t\t\t\t\t\t<div class=\"elementor-spacer\">\n\t\t\t<div class=\"elementor-spacer-inner\"><\/div>\n\t\t<\/div>\n\t\t\t\t\t\t<\/div>\n\t\t\t\t<\/div>\n\t\t\t\t<div class=\"elementor-element elementor-element-1514c67 elementor-widget elementor-widget-text-editor\" data-id=\"1514c67\" data-element_type=\"widget\" data-widget_type=\"text-editor.default\">\n\t\t\t\t<div class=\"elementor-widget-container\">\n\t\t\t\t\t\t\t\t\t<p style=\"text-align: left;\"><strong><span style=\"font-size: 16pt; color: #ffffff;\">O Polo de Felgueiras da StartUp Porto visa, incentivar, apoiar e facilitar a implementa\u00e7\u00e3o de ideias de neg\u00f3cio no mercado empresarial, atrav\u00e9s da cria\u00e7\u00e3o de um ambiente potenciador do seu sucesso.<\/span><\/strong><\/p>\t\t\t\t\t\t\t\t<\/div>\n\t\t\t\t<\/div>\n\t\t\t\t\t<\/div>\n\t\t<\/div>\n\t\t\t\t<div class=\"elementor-column elementor-col-66 elementor-top-column elementor-element elementor-element-9fea8ea elementor-invisible\" data-id=\"9fea8ea\" data-element_type=\"column\" data-settings=\"{&quot;background_background&quot;:&quot;classic&quot;,&quot;animation&quot;:&quot;bounce&quot;}\">\n\t\t\t<div class=\"elementor-widget-wrap elementor-element-populated\">\n\t\t\t\t\t<div class=\"elementor-background-overlay\"><\/div>\n\t\t\t\t\t\t<div class=\"elementor-element elementor-element-8ca6fad elementor-invisible elementor-widget elementor-widget-heading\" data-id=\"8ca6fad\" data-element_type=\"widget\" data-settings=\"{&quot;_animation&quot;:&quot;zoomIn&quot;}\" data-widget_type=\"heading.default\">\n\t\t\t\t<div class=\"elementor-widget-container\">\n\t\t\t\t\t<h1 class=\"elementor-heading-title elementor-size-default\"><b>TENS UMA IDEIA DE NEG\u00d3CIO?<\/b><\/h1>\t\t\t\t<\/div>\n\t\t\t\t<\/div>\n\t\t\t\t<div class=\"elementor-element elementor-element-018a58e elementor-widget elementor-widget-text-editor\" data-id=\"018a58e\" data-element_type=\"widget\" data-widget_type=\"text-editor.default\">\n\t\t\t\t<div class=\"elementor-widget-container\">\n\t\t\t\t\t\t\t\t\t<p style=\"text-align: left;\"><strong><span style=\"color: #ffffff; font-size: 14pt;\">&gt; Pr\u00e9-sele\u00e7\u00e3o<\/span><\/strong><\/p><p style=\"text-align: left; padding-left: 40px;\"><span style=\"color: #ffffff; font-size: 12pt;\">[Enquadramento, pela Equipa de Gest\u00e3o, do projeto\/ideia de neg\u00f3cio no \u00e2mbito\/objetivos da Incubadora]<\/span><\/p><p style=\"text-align: left;\"><span style=\"color: #ffffff; font-size: 14pt;\"><strong>&gt; An\u00e1lise a Avalia\u00e7\u00e3o das Candidaturas<\/strong><br \/><\/span><\/p><p style=\"text-align: left; padding-left: 40px;\"><span style=\"color: #ffffff; font-size: 12pt;\">[An\u00e1lise e avalia\u00e7\u00e3o da candidatura por uma Comiss\u00e3o de Avalia\u00e7\u00e3o]<\/span><\/p>\t\t\t\t\t\t\t\t<\/div>\n\t\t\t\t<\/div>\n\t\t\t\t<div class=\"elementor-element elementor-element-a1234ba elementor-align-center elementor-widget elementor-widget-button\" data-id=\"a1234ba\" data-element_type=\"widget\" data-widget_type=\"button.default\">\n\t\t\t\t<div class=\"elementor-widget-container\">\n\t\t\t\t\t\t\t\t\t<div class=\"elementor-button-wrapper\">\n\t\t\t\t\t<a class=\"elementor-button elementor-button-link elementor-size-sm elementor-animation-grow\" href=\"https:\/\/inqueritos.estg.ipp.pt\/index.php\/948837?newtest=Y&#038;lang=pt\">\n\t\t\t\t\t\t<span class=\"elementor-button-content-wrapper\">\n\t\t\t\t\t\t<span class=\"elementor-button-icon\">\n\t\t\t\t<i aria-hidden=\"true\" class=\"far fa-check-circle\"><\/i>\t\t\t<\/span>\n\t\t\t\t\t\t\t\t\t<span class=\"elementor-button-text\"><b>formul\u00e1rio de candidatura<\/b><\/span>\n\t\t\t\t\t<\/span>\n\t\t\t\t\t<\/a>\n\t\t\t\t<\/div>\n\t\t\t\t\t\t\t\t<\/div>\n\t\t\t\t<\/div>\n\t\t\t\t\t<\/div>\n\t\t<\/div>\n\t\t\t\t\t<\/div>\n\t\t<\/section>\n\t\t\t\t<section class=\"elementor-section elementor-top-section elementor-element elementor-element-d55c4fc elementor-section-boxed elementor-section-height-default elementor-section-height-default\" data-id=\"d55c4fc\" data-element_type=\"section\" data-settings=\"{&quot;background_background&quot;:&quot;classic&quot;}\">\n\t\t\t\t\t\t<div class=\"elementor-container elementor-column-gap-default\">\n\t\t\t\t\t<div class=\"elementor-column elementor-col-100 elementor-top-column elementor-element elementor-element-aafd373\" data-id=\"aafd373\" data-element_type=\"column\">\n\t\t\t<div class=\"elementor-widget-wrap elementor-element-populated\">\n\t\t\t\t\t\t<div class=\"elementor-element elementor-element-bc0c3e3 elementor-widget elementor-widget-text-editor\" data-id=\"bc0c3e3\" data-element_type=\"widget\" data-widget_type=\"text-editor.default\">\n\t\t\t\t<div class=\"elementor-widget-container\">\n\t\t\t\t\t\t\t\t\t<h2 style=\"text-align: center;\"><span style=\"color: #ffffff; font-size: 24pt;\"><strong>modelo de incuba\u00e7\u00e3o<br \/><\/strong><\/span><\/h2>\t\t\t\t\t\t\t\t<\/div>\n\t\t\t\t<\/div>\n\t\t\t\t<div class=\"elementor-element elementor-element-9edd01e elementor-view-default elementor-invisible elementor-widget elementor-widget-icon\" data-id=\"9edd01e\" data-element_type=\"widget\" data-settings=\"{&quot;_animation&quot;:&quot;fadeInDown&quot;}\" data-widget_type=\"icon.default\">\n\t\t\t\t<div class=\"elementor-widget-container\">\n\t\t\t\t\t\t\t<div class=\"elementor-icon-wrapper\">\n\t\t\t<div class=\"elementor-icon\">\n\t\t\t<i aria-hidden=\"true\" class=\"fas fa-angle-down\"><\/i>\t\t\t<\/div>\n\t\t<\/div>\n\t\t\t\t\t\t<\/div>\n\t\t\t\t<\/div>\n\t\t\t\t\t<\/div>\n\t\t<\/div>\n\t\t\t\t\t<\/div>\n\t\t<\/section>\n\t\t\t\t<section class=\"elementor-section elementor-top-section elementor-element elementor-element-a486ee7 elementor-section-boxed elementor-section-height-default elementor-section-height-default\" data-id=\"a486ee7\" data-element_type=\"section\" data-settings=\"{&quot;background_background&quot;:&quot;classic&quot;}\">\n\t\t\t\t\t\t<div class=\"elementor-container elementor-column-gap-default\">\n\t\t\t\t\t<div class=\"elementor-column elementor-col-33 elementor-top-column elementor-element elementor-element-6119b1d\" data-id=\"6119b1d\" data-element_type=\"column\" data-settings=\"{&quot;background_background&quot;:&quot;classic&quot;}\">\n\t\t\t<div class=\"elementor-widget-wrap elementor-element-populated\">\n\t\t\t\t\t<div class=\"elementor-background-overlay\"><\/div>\n\t\t\t\t\t\t<div class=\"elementor-element elementor-element-0c30055 elementor-widget__width-inherit elementor-view-default elementor-widget elementor-widget-icon\" data-id=\"0c30055\" data-element_type=\"widget\" data-widget_type=\"icon.default\">\n\t\t\t\t<div class=\"elementor-widget-container\">\n\t\t\t\t\t\t\t<div class=\"elementor-icon-wrapper\">\n\t\t\t<div class=\"elementor-icon elementor-animation-grow\">\n\t\t\t<i aria-hidden=\"true\" class=\"fas fa-box-open\"><\/i>\t\t\t<\/div>\n\t\t<\/div>\n\t\t\t\t\t\t<\/div>\n\t\t\t\t<\/div>\n\t\t\t\t<div class=\"elementor-element elementor-element-b3f81c2 elementor-widget elementor-widget-text-editor\" data-id=\"b3f81c2\" data-element_type=\"widget\" data-widget_type=\"text-editor.default\">\n\t\t\t\t<div class=\"elementor-widget-container\">\n\t\t\t\t\t\t\t\t\t<h5 style=\"text-align: center;\"><span style=\"color: #ffffff;\"><strong>Pr\u00e9-Incuba\u00e7\u00e3o \u2013 12 meses<\/strong><\/span><\/h5><p style=\"text-align: center;\"><span style=\"color: #ffffff;\">Desenvolvimento do Prot\u00f3tipo<\/span><\/p><p style=\"text-align: center;\"><span style=\"color: #ffffff;\">Elabora\u00e7\u00e3o do Plano de Neg\u00f3cios<\/span><\/p><p style=\"text-align: center;\"><span style=\"color: #ffffff;\">Constitui\u00e7\u00e3o da empresa<\/span><\/p><p style=\"text-align: center;\"><span style=\"color: #ffffff;\">Cronograma de execu\u00e7\u00e3o do projeto<\/span><\/p>\t\t\t\t\t\t\t\t<\/div>\n\t\t\t\t<\/div>\n\t\t\t\t\t<\/div>\n\t\t<\/div>\n\t\t\t\t<div class=\"elementor-column elementor-col-33 elementor-top-column elementor-element elementor-element-d9a397d\" data-id=\"d9a397d\" data-element_type=\"column\" data-settings=\"{&quot;background_background&quot;:&quot;classic&quot;}\">\n\t\t\t<div class=\"elementor-widget-wrap elementor-element-populated\">\n\t\t\t\t\t<div class=\"elementor-background-overlay\"><\/div>\n\t\t\t\t\t\t<div class=\"elementor-element elementor-element-4ac3f7b elementor-widget__width-inherit elementor-view-default elementor-widget elementor-widget-icon\" data-id=\"4ac3f7b\" data-element_type=\"widget\" data-widget_type=\"icon.default\">\n\t\t\t\t<div class=\"elementor-widget-container\">\n\t\t\t\t\t\t\t<div class=\"elementor-icon-wrapper\">\n\t\t\t<div class=\"elementor-icon elementor-animation-grow\">\n\t\t\t<i aria-hidden=\"true\" class=\"fas fa-cogs\"><\/i>\t\t\t<\/div>\n\t\t<\/div>\n\t\t\t\t\t\t<\/div>\n\t\t\t\t<\/div>\n\t\t\t\t<div class=\"elementor-element elementor-element-5d44761 elementor-widget elementor-widget-text-editor\" data-id=\"5d44761\" data-element_type=\"widget\" data-widget_type=\"text-editor.default\">\n\t\t\t\t<div class=\"elementor-widget-container\">\n\t\t\t\t\t\t\t\t\t<h5 style=\"text-align: center;\"><span style=\"color: #ffffff;\"><strong>Incuba\u00e7\u00e3o \u2013 24 meses<\/strong><\/span><\/h5><p style=\"text-align: center;\"><span style=\"color: #ffffff;\">Crescimento e consolida\u00e7\u00e3o da empresa<\/span><\/p><p style=\"text-align: center;\"><span style=\"color: #ffffff;\">Monitoriza\u00e7\u00e3o da evolu\u00e7\u00e3o do desenvolvimento do projeto<\/span><\/p>\t\t\t\t\t\t\t\t<\/div>\n\t\t\t\t<\/div>\n\t\t\t\t\t<\/div>\n\t\t<\/div>\n\t\t\t\t<div class=\"elementor-column elementor-col-33 elementor-top-column elementor-element elementor-element-6c987d2\" data-id=\"6c987d2\" data-element_type=\"column\" data-settings=\"{&quot;background_background&quot;:&quot;classic&quot;}\">\n\t\t\t<div class=\"elementor-widget-wrap elementor-element-populated\">\n\t\t\t\t\t<div class=\"elementor-background-overlay\"><\/div>\n\t\t\t\t\t\t<div class=\"elementor-element elementor-element-1f5612a elementor-widget__width-inherit elementor-view-default elementor-widget elementor-widget-icon\" data-id=\"1f5612a\" data-element_type=\"widget\" data-widget_type=\"icon.default\">\n\t\t\t\t<div class=\"elementor-widget-container\">\n\t\t\t\t\t\t\t<div class=\"elementor-icon-wrapper\">\n\t\t\t<div class=\"elementor-icon elementor-animation-grow\">\n\t\t\t<i aria-hidden=\"true\" class=\"fas fa-file-invoice-dollar\"><\/i>\t\t\t<\/div>\n\t\t<\/div>\n\t\t\t\t\t\t<\/div>\n\t\t\t\t<\/div>\n\t\t\t\t<div class=\"elementor-element elementor-element-221d7d8 elementor-widget elementor-widget-text-editor\" data-id=\"221d7d8\" data-element_type=\"widget\" data-widget_type=\"text-editor.default\">\n\t\t\t\t<div class=\"elementor-widget-container\">\n\t\t\t\t\t\t\t\t\t<h5 style=\"text-align: center;\"><span style=\"color: #ffffff;\"><strong>Desenvolvimento Empresarial \u2013 24 meses<\/strong><\/span><\/h5><p style=\"text-align: center;\"><span style=\"color: #ffffff;\">Crescimento da empresa de forma a viabilizar a sua sustentabilidade fora do ambiente da incubadora<\/span><\/p>\t\t\t\t\t\t\t\t<\/div>\n\t\t\t\t<\/div>\n\t\t\t\t\t<\/div>\n\t\t<\/div>\n\t\t\t\t\t<\/div>\n\t\t<\/section>\n\t\t\t\t<section class=\"elementor-section elementor-top-section elementor-element elementor-element-239252e elementor-section-boxed elementor-section-height-default elementor-section-height-default\" data-id=\"239252e\" data-element_type=\"section\" data-settings=\"{&quot;background_background&quot;:&quot;classic&quot;}\">\n\t\t\t\t\t\t<div class=\"elementor-container elementor-column-gap-default\">\n\t\t\t\t\t<div class=\"elementor-column elementor-col-100 elementor-top-column elementor-element elementor-element-e2b4e61\" data-id=\"e2b4e61\" data-element_type=\"column\">\n\t\t\t<div class=\"elementor-widget-wrap elementor-element-populated\">\n\t\t\t\t\t\t<div class=\"elementor-element elementor-element-53985c9 elementor-widget elementor-widget-menu-anchor\" data-id=\"53985c9\" data-element_type=\"widget\" data-widget_type=\"menu-anchor.default\">\n\t\t\t\t<div class=\"elementor-widget-container\">\n\t\t\t\t\t\t\t<div class=\"elementor-menu-anchor\" id=\"objetivos\"><\/div>\n\t\t\t\t\t\t<\/div>\n\t\t\t\t<\/div>\n\t\t\t\t<div class=\"elementor-element elementor-element-21f1246 elementor-widget elementor-widget-menu-anchor\" data-id=\"21f1246\" data-element_type=\"widget\" data-widget_type=\"menu-anchor.default\">\n\t\t\t\t<div class=\"elementor-widget-container\">\n\t\t\t\t\t\t\t<div class=\"elementor-menu-anchor\" id=\"destinatarios\"><\/div>\n\t\t\t\t\t\t<\/div>\n\t\t\t\t<\/div>\n\t\t\t\t<div class=\"elementor-element elementor-element-449a761 elementor-widget elementor-widget-spacer\" data-id=\"449a761\" data-element_type=\"widget\" data-widget_type=\"spacer.default\">\n\t\t\t\t<div class=\"elementor-widget-container\">\n\t\t\t\t\t\t\t<div class=\"elementor-spacer\">\n\t\t\t<div class=\"elementor-spacer-inner\"><\/div>\n\t\t<\/div>\n\t\t\t\t\t\t<\/div>\n\t\t\t\t<\/div>\n\t\t\t\t\t<\/div>\n\t\t<\/div>\n\t\t\t\t\t<\/div>\n\t\t<\/section>\n\t\t\t\t<section class=\"elementor-section elementor-top-section elementor-element elementor-element-e3529f3 elementor-section-stretched elementor-section-boxed elementor-section-height-default elementor-section-height-default\" data-id=\"e3529f3\" data-element_type=\"section\" data-settings=\"{&quot;background_background&quot;:&quot;classic&quot;,&quot;stretch_section&quot;:&quot;section-stretched&quot;}\">\n\t\t\t\t\t\t\t<div class=\"elementor-background-overlay\"><\/div>\n\t\t\t\t\t\t\t<div class=\"elementor-container elementor-column-gap-default\">\n\t\t\t\t\t<div class=\"elementor-column elementor-col-50 elementor-top-column elementor-element elementor-element-4bd0541\" data-id=\"4bd0541\" data-element_type=\"column\" data-settings=\"{&quot;background_background&quot;:&quot;classic&quot;}\">\n\t\t\t<div class=\"elementor-widget-wrap elementor-element-populated\">\n\t\t\t\t\t<div class=\"elementor-background-overlay\"><\/div>\n\t\t\t\t\t\t<div class=\"elementor-element elementor-element-007fd4f elementor-widget elementor-widget-heading\" data-id=\"007fd4f\" data-element_type=\"widget\" data-widget_type=\"heading.default\">\n\t\t\t\t<div class=\"elementor-widget-container\">\n\t\t\t\t\t<h1 class=\"elementor-heading-title elementor-size-xl\"><b>objetivos<\/b><\/h1>\t\t\t\t<\/div>\n\t\t\t\t<\/div>\n\t\t\t\t<div class=\"elementor-element elementor-element-aec29ae elementor-widget elementor-widget-text-editor\" data-id=\"aec29ae\" data-element_type=\"widget\" data-widget_type=\"text-editor.default\">\n\t\t\t\t<div class=\"elementor-widget-container\">\n\t\t\t\t\t\t\t\t\t<p style=\"text-align: left;\"><span style=\"color: #ffffff;\">&#8211; Promover o empreendedorismo, atrav\u00e9s do apoio \u00e0 cria\u00e7\u00e3o de empresas e motivando o esp\u00edrito empreendedor;<\/span><\/p><p style=\"text-align: left;\"><span style=\"color: #ffffff;\">&#8211; Organizar iniciativas com vista \u00e0 identifica\u00e7\u00e3o e atra\u00e7\u00e3o de ideias\/projetos inovadores que possam vir a beneficiar deste programa de incuba\u00e7\u00e3o;<\/span><\/p><p style=\"text-align: left;\"><span style=\"color: #ffffff;\">&#8211; Disponibilizar infraestruturas, acesso a um conjunto de servi\u00e7os de apoio\/acompanhamento, apoio de mentores\/consultores e a\u00e7\u00f5es de treino especializado que permitir\u00e3o transformar ideias\/projetos em realidades empresariais;<\/span><\/p><p style=\"text-align: left;\"><span style=\"color: #ffffff;\">&#8211; Promover a intera\u00e7\u00e3o entre meio empresarial e a academia, atrav\u00e9s do contacto com docentes, investigadores e demais parceiros empresariais atuando assim como um polo dinamizador de sinergias vantajosas e potenciadoras de um desenvolvimento sustentado, que incrementar\u00e1 os projetos\/ideias de neg\u00f3cios pela aproxima\u00e7\u00e3o entre a oferta e a procura, pela promo\u00e7\u00e3o da liga\u00e7\u00e3o \u00e0 sociedade, pela transfer\u00eancia e valoriza\u00e7\u00e3o econ\u00f3mica do conhecimento, fomentando em \u00faltima an\u00e1lise o desenvolvimento socioecon\u00f3mico da regi\u00e3o do T\u00e2mega e Sousa.<\/span><\/p><p style=\"text-align: left;\"><span style=\"color: #ffffff;\"><span style=\"font-size: 12pt;\">\u00a0<\/span><\/span><\/p>\t\t\t\t\t\t\t\t<\/div>\n\t\t\t\t<\/div>\n\t\t\t\t\t<\/div>\n\t\t<\/div>\n\t\t\t\t<div class=\"elementor-column elementor-col-50 elementor-top-column elementor-element elementor-element-fd83921\" data-id=\"fd83921\" data-element_type=\"column\" data-settings=\"{&quot;background_background&quot;:&quot;classic&quot;}\">\n\t\t\t<div class=\"elementor-widget-wrap elementor-element-populated\">\n\t\t\t\t\t<div class=\"elementor-background-overlay\"><\/div>\n\t\t\t\t\t\t<div class=\"elementor-element elementor-element-40be6e4 elementor-widget elementor-widget-heading\" data-id=\"40be6e4\" data-element_type=\"widget\" data-widget_type=\"heading.default\">\n\t\t\t\t<div class=\"elementor-widget-container\">\n\t\t\t\t\t<h1 class=\"elementor-heading-title elementor-size-xl\"><b>destinat\u00e1rios<\/b><\/h1>\t\t\t\t<\/div>\n\t\t\t\t<\/div>\n\t\t\t\t<div class=\"elementor-element elementor-element-3ad9a20 elementor-widget elementor-widget-text-editor\" data-id=\"3ad9a20\" data-element_type=\"widget\" data-widget_type=\"text-editor.default\">\n\t\t\t\t<div class=\"elementor-widget-container\">\n\t\t\t\t\t\t\t\t\t<p style=\"text-align: left;\"><span style=\"color: #ffffff;\">A incubadora dirige-se a pessoas com perfil empreendedor que tenham o objetivo de desenvolver uma ideia de neg\u00f3cio, um produto\/servi\u00e7o inovador, de base cient\u00edfica ou tecnol\u00f3gica e que se enquadre nas \u00e1reas de atua\u00e7\u00e3o da ESTG &#8211; a Tecnologia e a Gest\u00e3o e, que estejam interessadas em encontrar as infraestruturas e\/ou servi\u00e7os de apoio\/acompanhamento necess\u00e1rias, para criar e\/ou desenvolver e gerir as empresas, nomeadamente, mas n\u00e3o exclusivamente:<\/span><\/p><p style=\"padding-left: 40px; text-align: left;\"><span style=\"color: #ffffff;\">&#8211; Estudantes e diplomados da ESTG;<\/span><\/p><p style=\"padding-left: 40px; text-align: left;\"><span style=\"color: #ffffff;\">&#8211; Docentes e Investigadores da ESTG;<\/span><\/p><p style=\"padding-left: 40px; text-align: left;\"><span style=\"color: #ffffff;\">&#8211; Empresas j\u00e1 criadas e em processo de Desenvolvimento Empresarial sustentado, como no m\u00e1ximo 3 anos de exist\u00eancia e em conhecimento de produtos\/servi\u00e7os inovadores relacionados com a \u00e1rea de atua\u00e7\u00e3o da ESTG.<\/span><\/p>\t\t\t\t\t\t\t\t<\/div>\n\t\t\t\t<\/div>\n\t\t\t\t\t<\/div>\n\t\t<\/div>\n\t\t\t\t\t<\/div>\n\t\t<\/section>\n\t\t\t\t<section class=\"elementor-section elementor-top-section elementor-element elementor-element-1b2ceb1 elementor-section-boxed elementor-section-height-default elementor-section-height-default\" data-id=\"1b2ceb1\" data-element_type=\"section\" data-settings=\"{&quot;background_background&quot;:&quot;classic&quot;}\">\n\t\t\t\t\t\t<div class=\"elementor-container elementor-column-gap-default\">\n\t\t\t\t\t<div class=\"elementor-column elementor-col-100 elementor-top-column elementor-element elementor-element-c7e5db4\" data-id=\"c7e5db4\" data-element_type=\"column\">\n\t\t\t<div class=\"elementor-widget-wrap elementor-element-populated\">\n\t\t\t\t\t\t<div class=\"elementor-element elementor-element-7f5c9f8 elementor-widget elementor-widget-spacer\" data-id=\"7f5c9f8\" data-element_type=\"widget\" data-widget_type=\"spacer.default\">\n\t\t\t\t<div class=\"elementor-widget-container\">\n\t\t\t\t\t\t\t<div class=\"elementor-spacer\">\n\t\t\t<div class=\"elementor-spacer-inner\"><\/div>\n\t\t<\/div>\n\t\t\t\t\t\t<\/div>\n\t\t\t\t<\/div>\n\t\t\t\t<div class=\"elementor-element elementor-element-e6c787f elementor-view-framed elementor-shape-square elementor-widget elementor-widget-icon\" data-id=\"e6c787f\" data-element_type=\"widget\" data-widget_type=\"icon.default\">\n\t\t\t\t<div class=\"elementor-widget-container\">\n\t\t\t\t\t\t\t<div class=\"elementor-icon-wrapper\">\n\t\t\t<a class=\"elementor-icon\" href=\"https:\/\/incubadora.estg.ipp.pt\/#\">\n\t\t\t<i aria-hidden=\"true\" class=\"fas fa-chevron-up\"><\/i>\t\t\t<\/a>\n\t\t<\/div>\n\t\t\t\t\t\t<\/div>\n\t\t\t\t<\/div>\n\t\t\t\t\t<\/div>\n\t\t<\/div>\n\t\t\t\t\t<\/div>\n\t\t<\/section>\n\t\t\t\t<\/div>\n\t\t","protected":false},"excerpt":{"rendered":"<p>http:\/\/172.20.5.99:9084\/wp-content\/uploads\/2020\/07\/Marketing-22130.mp4#t=8 O Polo de Felgueiras da StartUp Porto visa, incentivar, apoiar e facilitar a implementa\u00e7\u00e3o de ideias de neg\u00f3cio no mercado empresarial, atrav\u00e9s da cria\u00e7\u00e3o de um ambiente potenciador do seu sucesso. TENS UMA IDEIA DE NEG\u00d3CIO? &gt; Pr\u00e9-sele\u00e7\u00e3o [Enquadramento, pela Equipa de Gest\u00e3o, do projeto\/ideia de neg\u00f3cio no \u00e2mbito\/objetivos da Incubadora] &gt; An\u00e1lise a Avalia\u00e7\u00e3o das Candidaturas [An\u00e1lise e avalia\u00e7\u00e3o da candidatura por uma Comiss\u00e3o de Avalia\u00e7\u00e3o] formul\u00e1rio de candidatura modelo de incuba\u00e7\u00e3o Pr\u00e9-Incuba\u00e7\u00e3o \u2013 12 meses Desenvolvimento do Prot\u00f3tipo Elabora\u00e7\u00e3o do Plano de Neg\u00f3cios Constitui\u00e7\u00e3o da empresa Cronograma de execu\u00e7\u00e3o do projeto Incuba\u00e7\u00e3o \u2013 24 meses Crescimento e consolida\u00e7\u00e3o da empresa Monitoriza\u00e7\u00e3o da evolu\u00e7\u00e3o do desenvolvimento do projeto&hellip; <a class=\"read-more\" href=\"https:\/\/incubadora.estg.ipp.pt\/\">Read More<\/a><\/p>\n","protected":false},"author":1,"featured_media":0,"parent":0,"menu_order":0,"comment_status":"closed","ping_status":"closed","template":"template-blank-canvas-full-width.php","meta":{"_monsterinsights_skip_tracking":false,"_monsterinsights_sitenote_active":false,"_monsterinsights_sitenote_note":"","_monsterinsights_sitenote_category":0,"footnotes":""},"folder":[],"class_list":["post-212","page","type-page","status-publish","hentry"],"_links":{"self":[{"href":"https:\/\/incubadora.estg.ipp.pt\/index.php?rest_route=\/wp\/v2\/pages\/212","targetHints":{"allow":["GET"]}}],"collection":[{"href":"https:\/\/incubadora.estg.ipp.pt\/index.php?rest_route=\/wp\/v2\/pages"}],"about":[{"href":"https:\/\/incubadora.estg.ipp.pt\/index.php?rest_route=\/wp\/v2\/types\/page"}],"author":[{"embeddable":true,"href":"https:\/\/incubadora.estg.ipp.pt\/index.php?rest_route=\/wp\/v2\/users\/1"}],"replies":[{"embeddable":true,"href":"https:\/\/incubadora.estg.ipp.pt\/index.php?rest_route=%2Fwp%2Fv2%2Fcomments&post=212"}],"version-history":[{"count":193,"href":"https:\/\/incubadora.estg.ipp.pt\/index.php?rest_route=\/wp\/v2\/pages\/212\/revisions"}],"predecessor-version":[{"id":507,"href":"https:\/\/incubadora.estg.ipp.pt\/index.php?rest_route=\/wp\/v2\/pages\/212\/revisions\/507"}],"wp:attachment":[{"href":"https:\/\/incubadora.estg.ipp.pt\/index.php?rest_route=%2Fwp%2Fv2%2Fmedia&parent=212"}],"wp:term":[{"taxonomy":"folder","embeddable":true,"href":"https:\/\/incubadora.estg.ipp.pt\/index.php?rest_route=%2Fwp%2Fv2%2Ffolder&post=212"}],"curies":[{"name":"wp","href":"https:\/\/api.w.org\/{rel}","templated":true}]}}